{"id":330,"date":"2022-06-05T19:29:20","date_gmt":"2022-06-05T19:29:20","guid":{"rendered":"http:\/\/profstefanberger.de\/?page_id=330"},"modified":"2022-10-22T14:07:35","modified_gmt":"2022-10-22T14:07:35","slug":"supervised-bachelor-theses","status":"publish","type":"page","link":"https:\/\/profstefanberger.de\/?page_id=330","title":{"rendered":"Supervised Bachelor Theses"},"content":{"rendered":"\r\n<h5><span style=\"font-family: arial, helvetica, sans-serif; color: #000000;\"><strong>Supervised Bachelor Theses<\/strong><\/span><\/h5>\r\n<table style=\"border-collapse: collapse; width: 100%; height: 318px;\">\r\n<tbody>\r\n<tr style=\"height: 24px;\">\r\n<td style=\"width: 4.41748%; height: 10px;\"><span style=\"font-size: 14pt; font-family: arial, helvetica, sans-serif;\">1<\/span><\/td>\r\n<td style=\"width: 19.1747%; height: 10px;\"><span style=\"font-family: arial, helvetica, sans-serif; font-size: 14pt;\">Matthias Beier <\/span><\/td>\r\n<td style=\"width: 70.0485%; height: 10px;\"><span style=\"font-family: arial, helvetica, sans-serif; font-size: 14pt;\">&#8220;Die Untersuchung der Polarit\u00e4t der Amidbindung mit <sup>13<\/sup>C NMR und <sup>15<\/sup>N-NMR&#8221;<\/span><\/td>\r\n<td style=\"width: 6.35922%; height: 10px;\"><span style=\"font-family: arial, helvetica, sans-serif; font-size: 14pt;\">(2005)<\/span><\/td>\r\n<\/tr>\r\n<tr style=\"height: 24px;\">\r\n<td style=\"width: 4.41748%; height: 10px;\"><span style=\"font-size: 14pt; font-family: arial, helvetica, sans-serif;\">2<\/span><\/td>\r\n<td style=\"width: 19.1747%; height: 10px;\"><span style=\"font-family: arial, helvetica, sans-serif; font-size: 14pt;\">Nicole Jahr <\/span><\/td>\r\n<td style=\"width: 70.0485%; height: 10px;\"><span style=\"font-family: arial, helvetica, sans-serif; font-size: 14pt;\">&#8220;Oliven\u00f6le&#8221;\u00a0<\/span><\/td>\r\n<td style=\"width: 6.35922%; height: 10px;\"><span style=\"font-family: arial, helvetica, sans-serif; font-size: 14pt;\"> (2006)<\/span><\/td>\r\n<\/tr>\r\n<tr style=\"height: 24px;\">\r\n<td style=\"width: 4.41748%; height: 47px;\"><span style=\"font-size: 14pt; font-family: arial, helvetica, sans-serif;\">3<\/span><\/td>\r\n<td style=\"width: 19.1747%; height: 47px;\"><span style=\"font-family: arial, helvetica, sans-serif; font-size: 14pt;\">Frank Richter<\/span><\/td>\r\n<td style=\"width: 70.0485%; height: 47px;\"><span style=\"font-family: arial, helvetica, sans-serif; font-size: 14pt;\">&#8220;Zur Isolierung und Spektroskopie der Naturstoffe Strychnin und Lawson&#8221;<\/span><\/td>\r\n<td style=\"width: 6.35922%; height: 47px;\"><span style=\"font-family: arial, helvetica, sans-serif; font-size: 14pt;\">(2008)<\/span><\/td>\r\n<\/tr>\r\n<tr style=\"height: 24px;\">\r\n<td style=\"width: 4.41748%; height: 23px;\"><span style=\"font-size: 14pt; font-family: arial, helvetica, sans-serif;\">4<\/span><\/td>\r\n<td style=\"width: 19.1747%; height: 23px;\"><span style=\"font-family: arial, helvetica, sans-serif; font-size: 14pt;\"> Andrej Scharow <\/span><\/td>\r\n<td style=\"width: 70.0485%; height: 23px;\"><span style=\"font-family: arial, helvetica, sans-serif; font-size: 14pt;\">&#8220;Isolierung und Charakterisierung von Morin&#8221;\u00a0<\/span><\/td>\r\n<td style=\"width: 6.35922%; height: 23px;\"><span style=\"font-size: 14pt; font-family: arial, helvetica, sans-serif;\"><span style=\"font-family: arial, helvetica, sans-serif;\">(2008)<\/span><\/span><\/td>\r\n<\/tr>\r\n<tr style=\"height: 24px;\">\r\n<td style=\"width: 4.41748%; height: 10px;\"><span style=\"font-size: 14pt; font-family: arial, helvetica, sans-serif;\">5<\/span><\/td>\r\n<td style=\"width: 19.1747%; height: 10px;\"><span style=\"font-family: arial, helvetica, sans-serif; font-size: 14pt;\"> Markus Leutzsch <\/span><\/td>\r\n<td style=\"width: 70.0485%; height: 10px;\"><span style=\"font-family: arial, helvetica, sans-serif; font-size: 14pt;\"> &#8220;Isolierung und Stukturaufkl\u00e4rung von Boswellias\u00e4uren aus \u00a0Weihrauch&#8221;<\/span><\/td>\r\n<td style=\"width: 6.35922%; height: 10px;\"><span style=\"font-size: 14pt; font-family: arial, helvetica, sans-serif;\">(2009)<\/span><\/td>\r\n<\/tr>\r\n<tr style=\"height: 24px;\">\r\n<td style=\"width: 4.41748%; height: 10px;\"><span style=\"font-size: 14pt; font-family: arial, helvetica, sans-serif;\">6<\/span><\/td>\r\n<td style=\"width: 19.1747%; height: 10px;\"><span style=\"font-family: arial, helvetica, sans-serif; font-size: 14pt;\"> Marija Najdanova<\/span><\/td>\r\n<td style=\"width: 70.0485%; height: 10px;\"><span style=\"font-family: arial, helvetica, sans-serif; font-size: 14pt;\">&#8220;Isolation and purification of Capsanthin&#8221;\u00a0<\/span><\/td>\r\n<td style=\"width: 6.35922%; height: 10px;\"><span style=\"font-size: 14pt; font-family: arial, helvetica, sans-serif;\">(2009)<\/span><\/td>\r\n<\/tr>\r\n<tr style=\"height: 24x;\">\r\n<td style=\"width: 4.41748%; height: 10px;\"><span style=\"font-size: 14pt; font-family: arial, helvetica, sans-serif;\">7<\/span><\/td>\r\n<td style=\"width: 19.1747%; height: 10px;\"><span style=\"font-family: arial, helvetica, sans-serif; font-size: 14pt;\">Hennig Kurella<\/span><\/td>\r\n<td style=\"width: 70.0485%; height: 10px;\"><span style=\"font-family: arial, helvetica, sans-serif; font-size: 14pt;\">&#8220;NMR Relaxometrie an einem 20 MHz Spektrometer&#8221;<\/span><\/td>\r\n<td style=\"width: 6.35922%; height: 10px;\"><span style=\"font-family: arial, helvetica, sans-serif; font-size: 14pt;\"> (2009)<\/span><\/td>\r\n<\/tr>\r\n<tr style=\"height: 24px;\">\r\n<td style=\"width: 4.41748%; height: 10px;\"><span style=\"font-size: 14pt; font-family: arial, helvetica, sans-serif;\">8<\/span><\/td>\r\n<td style=\"width: 19.1747%; height: 10px;\"><span style=\"font-family: arial, helvetica, sans-serif; font-size: 14pt;\">Raina Seupel <\/span><\/td>\r\n<td style=\"width: 70.0485%; height: 10px;\"><span style=\"font-family: arial, helvetica, sans-serif; font-size: 14pt;\">&#8220;Isolierung und Stukturaufkl\u00e4rung des Naturstoffs Friedelin&#8221; <\/span><\/td>\r\n<td style=\"width: 6.35922%; height: 10px;\"><span style=\"font-family: arial, helvetica, sans-serif; font-size: 14pt;\">(2009)<\/span><\/td>\r\n<\/tr>\r\n<tr style=\"height: 24px;\">\r\n<td style=\"width: 4.41748%; height: 10px;\"><span style=\"font-size: 14pt; font-family: arial, helvetica, sans-serif;\">9<\/span><\/td>\r\n<td style=\"width: 19.1747%; height: 10px;\"><span style=\"font-family: arial, helvetica, sans-serif; font-size: 14pt;\">Pascal Fricke<\/span><\/td>\r\n<td style=\"width: 70.0485%; height: 10px;\"><span style=\"font-family: arial, helvetica, sans-serif; font-size: 14pt;\">&#8220;Experimenteller Vergleich ausgew\u00e4hlter COSY-Methoden&#8221;<\/span><\/td>\r\n<td style=\"width: 6.35922%; height: 10px;\"><span style=\"font-family: arial, helvetica, sans-serif; font-size: 14pt;\">(2010)<\/span><\/td>\r\n<\/tr>\r\n<tr style=\"height: 24px;\">\r\n<td style=\"width: 4.41748%; height: 10px;\"><span style=\"font-size: 14pt; font-family: arial, helvetica, sans-serif;\">10<\/span><\/td>\r\n<td style=\"width: 19.1747%; height: 10px;\"><span style=\"font-family: arial, helvetica, sans-serif; font-size: 14pt;\">David Gei\u00dfler <\/span><\/td>\r\n<td style=\"width: 70.0485%; height: 10px;\"><span style=\"font-family: arial, helvetica, sans-serif; font-size: 14pt;\"> &#8220;Isolierung und Spektroskopie von Parasorbins\u00e4ure aus Vogelbeeren&#8221; <\/span><\/td>\r\n<td style=\"width: 6.35922%; height: 10px;\"><span style=\"font-family: arial, helvetica, sans-serif; font-size: 14pt;\">(2010)<\/span><\/td>\r\n<\/tr>\r\n<tr style=\"height: 24px;\">\r\n<td style=\"width: 4.41748%; height: 10px;\"><span style=\"font-size: 14pt; font-family: arial, helvetica, sans-serif;\">11<\/span><\/td>\r\n<td style=\"width: 19.1747%; height: 10px;\"><span style=\"font-family: arial, helvetica, sans-serif; font-size: 14pt;\">Chris Buchenau<\/span><\/td>\r\n<td style=\"width: 70.0485%; height: 10px;\"><span style=\"font-family: arial, helvetica, sans-serif; font-size: 14pt;\">&#8220;Isolierung und spektroskopische Charakterisierung von Fraxin aus Eschenrinde&#8221; <\/span><\/td>\r\n<td style=\"width: 6.35922%; height: 10px;\"><span style=\"font-family: arial, helvetica, sans-serif; font-size: 14pt;\">(2010)<\/span><\/td>\r\n<\/tr>\r\n<tr style=\"height: 24px;\">\r\n<td style=\"width: 4.41748%; height: 21px;\"><span style=\"font-size: 14pt; font-family: arial, helvetica, sans-serif;\">12<\/span><\/td>\r\n<td style=\"width: 19.1747%; height: 21px;\"><span style=\"font-family: arial, helvetica, sans-serif; font-size: 14pt;\">Sandro Spiller<\/span><\/td>\r\n<td style=\"width: 70.0485%; height: 21px;\"><span style=\"font-family: arial, helvetica, sans-serif; font-size: 14pt;\">&#8220;Isolierung und Spektroskopie von Thymochinon und Juglon&#8221;\u00a0<\/span><\/td>\r\n<td style=\"width: 6.35922%; height: 21px;\"><span style=\"font-family: arial, helvetica, sans-serif; font-size: 14pt;\">(2010)<\/span><\/td>\r\n<\/tr>\r\n<tr style=\"height: 24px;\">\r\n<td style=\"width: 4.41748%; height: 15px;\"><span style=\"font-size: 14pt; font-family: arial, helvetica, sans-serif;\">13<\/span><\/td>\r\n<td style=\"width: 19.1747%; height: 15px;\"><span style=\"font-family: arial, helvetica, sans-serif; font-size: 14pt;\">Peter Henatsch\u00a0<\/span><\/td>\r\n<td style=\"width: 70.0485%; height: 15px;\"><span style=\"font-family: arial, helvetica, sans-serif; font-size: 14pt;\">&#8220;Isolierung und Spektroskopie von Thymochinon und Juglon&#8221; <\/span><\/td>\r\n<td style=\"width: 6.35922%; height: 15px;\"><span style=\"font-family: arial, helvetica, sans-serif; font-size: 14pt;\">(2010)<\/span><\/td>\r\n<\/tr>\r\n<tr style=\"height: 48px;\">\r\n<td style=\"width: 4.41748%; height: 20px;\"><span style=\"font-size: 14pt; font-family: arial, helvetica, sans-serif;\">14<\/span><\/td>\r\n<td style=\"width: 19.1747%; height: 20px;\"><span style=\"font-family: arial, helvetica, sans-serif; font-size: 14pt;\">Julia Hollenbach<\/span><\/td>\r\n<td style=\"width: 70.0485%; height: 20px;\"><span style=\"font-family: arial, helvetica, sans-serif; font-size: 14pt;\"> &#8220;NMR-relaxometrische Untersuchung von Getreide&#8221; <\/span><\/td>\r\n<td style=\"width: 6.35922%; height: 20px;\"><span style=\"font-family: arial, helvetica, sans-serif; font-size: 14pt;\">(2011)<\/span><\/td>\r\n<\/tr>\r\n<tr style=\"height: 48x;\">\r\n<td style=\"width: 4.41748%; height: 39x;\"><span style=\"font-size: 14pt; font-family: arial, helvetica, sans-serif;\">15<\/span><\/td>\r\n<td style=\"width: 19.1747%; height: 39px;\"><span style=\"font-family: arial, helvetica, sans-serif; font-size: 14pt;\">Christoph Selg<\/span><\/td>\r\n<td style=\"width: 70.0485%; height: 39px;\"><span style=\"font-family: arial, helvetica, sans-serif; font-size: 14pt;\">&#8220;\u00dcber die Charakterisierung und die Isolierung des Parasorbosids, der Parasorbins\u00e4ure und der Sorbins\u00e4ure aus Vogelbeeren&#8221;\u00a0<\/span><\/td>\r\n<td style=\"width: 6.35922%; height: 39px;\"><span style=\"font-family: arial, helvetica, sans-serif; font-size: 14pt;\"> (2011)<\/span><\/td>\r\n<\/tr>\r\n<tr style=\"height: 24px;\">\r\n<td style=\"width: 4.41748%; height: 10px;\"><span style=\"font-size: 14pt; font-family: arial, helvetica, sans-serif;\">16<\/span><\/td>\r\n<td style=\"width: 19.1747%; height: 10px;\"><span style=\"font-family: arial, helvetica, sans-serif; font-size: 14pt;\">Martin Puidokait\u00a0<\/span><\/td>\r\n<td style=\"width: 70.0485%; height: 10px;\"><span style=\"font-family: arial, helvetica, sans-serif; font-size: 14pt;\"> &#8220;Versuche zur Isolierung und Reindarstellung des Alkaloids Coniin aus geflecktem Schierling&#8221; <\/span><\/td>\r\n<td style=\"width: 6.35922%; height: 10px;\"><span style=\"font-family: arial, helvetica, sans-serif; font-size: 14pt;\">(2011)<\/span><\/td>\r\n<\/tr>\r\n<tr style=\"height: 24px;\">\r\n<td style=\"width: 4.41748%; height: 10px;\"><span style=\"font-size: 14pt; font-family: arial, helvetica, sans-serif;\">17<\/span><\/td>\r\n<td style=\"width: 19.1747%; height: 10px;\"><span style=\"font-family: arial, helvetica, sans-serif; font-size: 14pt;\"> Markus Winkler<\/span><\/td>\r\n<td style=\"width: 70.0485%; height: 10px;\"><span style=\"font-family: arial, helvetica, sans-serif; font-size: 14pt;\">&#8220;Isolierung von Raffinose aus Lupinensamen&#8221;<\/span><\/td>\r\n<td style=\"width: 6.35922%; height: 10px;\"><span style=\"font-family: arial, helvetica, sans-serif; font-size: 14pt;\">(2012)<\/span><\/td>\r\n<\/tr>\r\n<tr style=\"height: 10px;\">\r\n<td style=\"width: 4.41748%; height: 10px;\"><span style=\"font-size: 14pt; font-family: arial, helvetica, sans-serif;\">18<\/span><\/td>\r\n<td style=\"width: 19.1747%; height: 10px;\"><span style=\"font-family: arial, helvetica, sans-serif; font-size: 14pt;\"> Maik Pahl <\/span><\/td>\r\n<td style=\"width: 70.0485%; height: 10px;\"><span style=\"font-family: arial, helvetica, sans-serif; font-size: 14pt;\">&#8220;Analyse der Wasserstoffdichte verschiedener Kraftstoffe durch <sup>1<\/sup>H Kernresonanzspektroskopie&#8221; <\/span><\/td>\r\n<td style=\"width: 6.35922%; height: 10px;\"><span style=\"font-family: arial, helvetica, sans-serif; font-size: 14pt;\">(2012)<\/span><\/td>\r\n<\/tr>\r\n<tr style=\"height: 28px;\">\r\n<td style=\"width: 4.41748%; height: 10px;\"><span style=\"font-size: 14pt; font-family: arial, helvetica, sans-serif;\">19<\/span><\/td>\r\n<td style=\"width: 19.1747%; height: 10px;\"><span style=\"font-family: arial, helvetica, sans-serif; font-size: 14pt;\">Anne Sehl <\/span><\/td>\r\n<td style=\"width: 70.0485%; height: 10px;\"><span style=\"font-family: arial, helvetica, sans-serif; font-size: 14pt;\">&#8220;Isolierung von Hyoscyamin aus der Engelstrompete&#8221; <\/span><\/td>\r\n<td style=\"width: 6.35922%; height: 10px;\"><span style=\"font-family: arial, helvetica, sans-serif; font-size: 14pt;\">(2012)<\/span><\/td>\r\n<\/tr>\r\n<\/tbody>\r\n<\/table>\r\n","protected":false},"excerpt":{"rendered":"<p>Supervised Bachelor Theses 1 Matthias Beier &#8220;Die Untersuchung der Polarit\u00e4t der Amidbindung mit 13C NMR und 15N-NMR&#8221; (2005) 2 Nicole Jahr &#8220;Oliven\u00f6le&#8221;\u00a0 (2006) 3 Frank Richter &#8220;Zur Isolierung und Spektroskopie der Naturstoffe Strychnin und Lawson&#8221; (2008) 4 Andrej Scharow &#8220;Isolierung und Charakterisierung von Morin&#8221;\u00a0 (2008) 5 Markus Leutzsch &#8220;Isolierung und Stukturaufkl\u00e4rung von Boswellias\u00e4uren aus \u00a0Weihrauch&#8221; [&hellip;]<\/p>\n","protected":false},"author":1,"featured_media":0,"parent":385,"menu_order":2,"comment_status":"closed","ping_status":"closed","template":"","meta":{"footnotes":""},"class_list":["post-330","page","type-page","status-publish","hentry"],"_links":{"self":[{"href":"https:\/\/profstefanberger.de\/index.php?rest_route=\/wp\/v2\/pages\/330","targetHints":{"allow":["GET"]}}],"collection":[{"href":"https:\/\/profstefanberger.de\/index.php?rest_route=\/wp\/v2\/pages"}],"about":[{"href":"https:\/\/profstefanberger.de\/index.php?rest_route=\/wp\/v2\/types\/page"}],"author":[{"embeddable":true,"href":"https:\/\/profstefanberger.de\/index.php?rest_route=\/wp\/v2\/users\/1"}],"replies":[{"embeddable":true,"href":"https:\/\/profstefanberger.de\/index.php?rest_route=%2Fwp%2Fv2%2Fcomments&post=330"}],"version-history":[{"count":14,"href":"https:\/\/profstefanberger.de\/index.php?rest_route=\/wp\/v2\/pages\/330\/revisions"}],"predecessor-version":[{"id":692,"href":"https:\/\/profstefanberger.de\/index.php?rest_route=\/wp\/v2\/pages\/330\/revisions\/692"}],"up":[{"embeddable":true,"href":"https:\/\/profstefanberger.de\/index.php?rest_route=\/wp\/v2\/pages\/385"}],"wp:attachment":[{"href":"https:\/\/profstefanberger.de\/index.php?rest_route=%2Fwp%2Fv2%2Fmedia&parent=330"}],"curies":[{"name":"wp","href":"https:\/\/api.w.org\/{rel}","templated":true}]}}