{"id":163,"date":"2022-06-04T14:46:17","date_gmt":"2022-06-04T14:46:17","guid":{"rendered":"http:\/\/profstefanberger.de\/?page_id=163"},"modified":"2022-09-25T14:34:21","modified_gmt":"2022-09-25T14:34:21","slug":"publications-2020-2016","status":"publish","type":"page","link":"https:\/\/profstefanberger.de\/?page_id=163","title":{"rendered":"Publications 2020 &#8211; 2016"},"content":{"rendered":"\r\n<h5 style=\"text-align: center; margin-bottom: 0px;\"><span style=\"font-family: arial, helvetica, sans-serif; font-size: 14pt;\">\u00a0<span style=\"color: #000000;\">(No. 218 &#8211; 242)<\/span><\/span><\/h5>\r\n<h5 style=\"text-align: left;\"><span style=\"font-family: arial, helvetica, sans-serif; font-size: 14pt; color: #000000;\"><b>Publications 2020<\/b><\/span><\/h5>\r\n<ul style=\"list-style-type: circle;\">\r\n<li style=\"text-align: left;\"><span style=\"font-family: arial, helvetica, sans-serif; font-size: 14pt; color: #000000;\">S. Berger<\/span><br \/><span style=\"font-family: arial, helvetica, sans-serif; font-size: 14pt; color: #000000;\">&#8220;A Lecture Course on Polarisation and Hyperpolarisation in NMR Spectroscopy&#8221; <b>2020<\/b>, 1\u2013137.<\/span><br \/><span style=\"font-family: arial, helvetica, sans-serif; font-size: 14pt; color: #000000;\">\u00a0<a style=\"color: #000000;\" href=\"https:\/\/www.doi.org\/10.6084\/m9.figshare.19590730\">DOI:10.6084\/m9.figshare.19590730<\/a><\/span><\/li>\r\n<\/ul>\r\n<h5 style=\"text-align: left;\"><span style=\"font-family: arial, helvetica, sans-serif; font-size: 14pt; color: #000000;\"><b>Publications 2019<\/b><br \/><\/span><\/h5>\r\n<ul style=\"list-style-type: circle;\">\r\n<li style=\"text-align: left;\"><span style=\"font-family: arial, helvetica, sans-serif; font-size: 14pt; color: #000000;\">S. Berger <\/span><br \/><span style=\"font-family: arial, helvetica, sans-serif; font-size: 14pt; color: #000000;\">&#8220;Lecture Course in Dynamic NMR Spectroscopy&#8221; <b>2019<\/b>, 1\u2013131.<\/span><br \/><span style=\"font-family: arial, helvetica, sans-serif; font-size: 14pt; color: #000000;\"><a style=\"color: #000000;\" href=\"https:\/\/www.doi.org\/10.13140\/RG.2.2.31024.10249\">DOI: 10.13140\/RG.2.2.31024.10249<\/a><\/span><br \/><span style=\"font-family: arial, helvetica, sans-serif; font-size: 14pt; color: #000000;\">\u00a0<\/span><\/li>\r\n<li style=\"text-align: left;\"><span style=\"font-family: arial, helvetica, sans-serif; font-size: 14pt; color: #000000;\">D. Sicker, K.-P. Zeller, H.-U. Siehl, S. Berger <\/span><br \/><span style=\"font-family: arial, helvetica, sans-serif; font-size: 14pt; color: #000000;\">&#8220;Naturstoff-Isolierung \u2013 warum man sie heute noch braucht&#8221; <\/span><br \/><span style=\"font-family: arial, helvetica, sans-serif; font-size: 14pt; color: #000000;\"><i>Chem. Unserer Zeit<\/i>\u00a0<b>2019<\/b>, <i>53<\/i> , 74\u2013 75.<\/span><br \/><span style=\"font-family: arial, helvetica, sans-serif; font-size: 14pt; color: #000000;\"><a style=\"color: #000000;\" href=\"https:\/\/www.doi.org\/10.1002\/ciuz.201970202\"> https:\/\/www.doi.org\/10.1002\/ciuz.201970202<\/a><\/span><br \/><span style=\"font-family: arial, helvetica, sans-serif; font-size: 14pt; color: #000000;\">\u00a0<\/span><\/li>\r\n<li style=\"text-align: left;\"><span style=\"font-family: arial, helvetica, sans-serif; font-size: 14pt; color: #000000;\">N. Keltsch, V. Munzert, K.-P. Zeller, H.-U. Siehl, S. Berger, D. Sicker <\/span><br \/><span style=\"font-family: arial, helvetica, sans-serif; font-size: 14pt; color: #000000;\">&#8220;Delphi und sein violettes Wunder: Linderazulen aus einer invasiven Pflanze&#8221; <\/span><br \/><span style=\"font-family: arial, helvetica, sans-serif; font-size: 14pt; color: #000000;\"><i>Chem. Unserer Zeit <\/i><b>2019<\/b>, <i>53<\/i>, 92 \u2013103. <\/span><br \/><span style=\"font-family: arial, helvetica, sans-serif; font-size: 14pt; color: #000000;\"><a style=\"color: #000000;\" href=\"https:\/\/www.doi.org\/10.1002\/ciuz.201800868\">DOI: 10.1002\/ciuz.201800868<\/a><\/span><br \/><span style=\"font-family: arial, helvetica, sans-serif; font-size: 14pt; color: #000000;\">\u00a0<\/span><\/li>\r\n<li style=\"text-align: left;\"><span style=\"font-family: arial, helvetica, sans-serif; font-size: 14pt; color: #000000;\">A. Prasse, V. Munzert, E. Jos\u00e9, K.-P. Zeller, H.-U. Siehl, S. Berger, D. Sicker <\/span><br \/><span style=\"font-family: arial, helvetica, sans-serif; font-size: 14pt; color: #000000;\">&#8220;Die Polei-Minze im Wandel der Zeiten.&#8221; <\/span><br \/><span style=\"font-family: arial, helvetica, sans-serif; font-size: 14pt; color: #000000;\"><i>Chem. Unserer Zeit <\/i><b>2019<\/b>, <i>53<\/i>, 28 \u201338.<\/span><br \/><span style=\"font-family: arial, helvetica, sans-serif; font-size: 14pt; color: #000000;\"><a style=\"color: #000000;\" href=\"https:\/\/www.doi.org\/10.1002\/ciuz.201800860\">DOI: 10.1002\/ciuz.201800860<\/a><br \/><br \/><\/span><\/li>\r\n<\/ul>\r\n<h5><span style=\"font-family: arial, helvetica, sans-serif; font-size: 14pt; color: #000000;\"><b> Publications 2018<\/b><br \/><\/span><\/h5>\r\n<ul style=\"list-style-type: circle;\">\r\n<li style=\"text-align: left;\"><span style=\"font-family: arial, helvetica, sans-serif; font-size: 14pt; color: #000000;\">S. Berger <\/span><br \/><span style=\"font-family: arial, helvetica, sans-serif; font-size: 14pt; color: #000000;\">&#8220;A quarter of a century of SERF: The progress of an NMR pulse sequence and its application&#8221; <\/span><br \/><span style=\"font-family: arial, helvetica, sans-serif; font-size: 14pt; color: #000000;\"><i>Progr. NMR Spectr.<\/i> <b>2018<\/b>, <i>10,<\/i> 74\u2013114. <\/span><br \/><span style=\"font-family: arial, helvetica, sans-serif; font-size: 14pt; color: #000000;\"><a style=\"color: #000000;\" href=\"https:\/\/www.doi.org\/10.1016\/j.pnmrs.2018.10.001\">DOI: doi.org\/10.1016\/j.pnmrs.2018.10.001<\/a><\/span><br \/><span style=\"font-family: arial, helvetica, sans-serif; font-size: 14pt; color: #000000;\">\u00a0<\/span><\/li>\r\n<li style=\"text-align: left;\"><span style=\"font-family: arial, helvetica, sans-serif; font-size: 14pt; color: #000000;\">A. Rudo, K.-P. Zeller, H.-U. Siehl, S. Berger, D. Sicker <\/span><br \/><span style=\"font-family: arial, helvetica, sans-serif; font-size: 14pt; color: #000000;\">&#8220;Bittere Medizin und bitteres Vergn\u00fcgen: Chinin, ein legend\u00e4res Alkaloid&#8221; <\/span><br \/><span style=\"font-family: arial, helvetica, sans-serif; font-size: 14pt; color: #000000;\"><i>Chem. Unserer Zeit<\/i>\u00a0<b>2018<\/b>, <i>52<\/i>, 238\u2013248.<\/span><br \/><span style=\"font-family: arial, helvetica, sans-serif; font-size: 14pt; color: #000000;\"><a style=\"color: #000000;\" href=\" https:\/\/www.doi.org\/10.1002\/ciuz.201800820\">DOI: 10.1002\/ciuz.201800820<\/a><\/span><br \/><span style=\"font-family: arial, helvetica, sans-serif; font-size: 14pt; color: #000000;\">\u00a0<\/span><\/li>\r\n<li style=\"text-align: left;\"><span style=\"font-family: arial, helvetica, sans-serif; font-size: 14pt; color: #000000;\">M. Najdanova, H. U. Siehl, S. Berger <\/span><br \/><span style=\"font-family: arial, helvetica, sans-serif; font-size: 14pt; color: #000000;\">&#8220;A comparison of the <sup>1<\/sup>H-, <sup>13<\/sup>C-, and <sup>15<\/sup>N-NMR data of chlorophyll <i>a<\/i> and chlorophyll <i>b<\/i> guided by quantum chemical calculation&#8221; <\/span><br \/><span style=\"font-family: arial, helvetica, sans-serif; font-size: 14pt; color: #000000;\"><i>J. Phys. Org. Chem.<\/i> <b>2018<\/b>, <i>31<\/i> , e3802.<\/span><br \/><span style=\"font-family: arial, helvetica, sans-serif; font-size: 14pt; color: #000000;\"><a style=\"color: #000000;\" href=\"https:\/\/www.doi.org\/10.1002\/poc.3802\">DOI: 10.1002\/poc.3802<\/a><\/span><br \/><span style=\"font-family: arial, helvetica, sans-serif; font-size: 14pt; color: #000000;\">\u00a0<\/span><\/li>\r\n<li style=\"text-align: left;\"><span style=\"font-family: arial, helvetica, sans-serif; font-size: 14pt; color: #000000;\">C. Dietrich, V. Munzert, K.-P. Zeller, H.-U. Siehl, S. Berger, D. Sicker <\/span><br \/><span style=\"font-family: arial, helvetica, sans-serif; font-size: 14pt; color: #000000;\">&#8220;Abwarten und B\u00e4rentraubenbl\u00e4tter-Tee trinken \u2013 mit Arbutin&#8221; <\/span><br \/><span style=\"font-family: arial, helvetica, sans-serif; font-size: 14pt; color: #000000;\"><i>Chem. Unserer Zeit<\/i>\u00a0<b>2018<\/b>, <i>52<\/i>, 100\u2013110.<\/span><br \/><span style=\"font-family: arial, helvetica, sans-serif; font-size: 14pt; color: #000000;\"><a style=\"color: #000000;\" href=\"https:\/\/www.doi.org\/10.1002\/ciuz.201800844\">DOI: 10.1002\/ciuz.201800844<\/a><\/span><br \/><span style=\"font-family: arial, helvetica, sans-serif; font-size: 14pt; color: #000000;\">\u00a0<\/span><\/li>\r\n<li style=\"text-align: left;\"><span style=\"font-family: arial, helvetica, sans-serif; font-size: 14pt; color: #000000;\">A. Prasse, K.-P. Zeller, H.-U. Siehl, S. Berger, D. Sicker <\/span><br \/><span style=\"font-family: arial, helvetica, sans-serif; font-size: 14pt; color: #000000;\">&#8220;Wohldosiert ein kulinarischer Genuss: Estragol aus Estragon&#8221; <\/span><br \/><span style=\"font-family: arial, helvetica, sans-serif; font-size: 14pt; color: #000000;\"><i>Chem. Unserer Zeit<\/i>\u00a0<b>2018<\/b>, <i>52<\/i>, 56\u201364.<\/span><br \/><span style=\"font-family: arial, helvetica, sans-serif; font-size: 14pt; color: #000000;\"><a style=\"color: #000000;\" href=\"https:\/\/www.doi.org\/10.1002\/ciuz.201700807\">DOI: 10.1002\/ciuz.201700807<\/a><br \/><br \/><\/span><\/li>\r\n<\/ul>\r\n<p style=\"text-align: left;\"><span style=\"font-family: arial, helvetica, sans-serif; font-size: 14pt; color: #000000;\"><b>Publications 2017<\/b><\/span><\/p>\r\n<ul style=\"list-style-type: circle;\">\r\n<li style=\"text-align: left;\"><span style=\"font-family: arial, helvetica, sans-serif; font-size: 14pt; color: #000000;\">M. Findeisen, H.-U. Siehl, S. Berger <\/span><br \/><span style=\"font-family: arial, helvetica, sans-serif; font-size: 14pt; color: #000000;\">&#8220;Zum Stand der Routine 2D HMBC- und NOESY-NMR-Spektroskopie&#8221; <\/span><br \/><span style=\"font-family: arial, helvetica, sans-serif; font-size: 14pt; color: #000000;\"><i>Chem. Unserer Zeit<\/i>\u00a0<b>2017<\/b>, <i>51<\/i> , 392\u2212400.<\/span><br \/><span style=\"font-family: arial, helvetica, sans-serif; font-size: 14pt; color: #000000;\"><a style=\"color: #000000;\" href=\"https:\/\/www.doi.org\/10.1002\/ciuz.201700778\">DOI: 10.1002\/ciuz.201700778<\/a><\/span><br \/><span style=\"font-family: arial, helvetica, sans-serif; font-size: 14pt; color: #000000;\">\u00a0<\/span><\/li>\r\n<li style=\"text-align: left;\"><span style=\"font-family: arial, helvetica, sans-serif; font-size: 14pt; color: #000000;\">K. Eckhardt, K.-P. Zeller, H.-U. Siehl, S. Berger, D. Sicker <\/span><br \/><span style=\"font-family: arial, helvetica, sans-serif; font-size: 14pt; color: #000000;\">&#8220;Warum in die Ferne schweifen? Sieh, das Gelbe liegt so nah: Berberinchlorid aus Berberitzenrinde&#8221; <\/span><br \/><span style=\"font-family: arial, helvetica, sans-serif; font-size: 14pt; color: #000000;\"><i>Chem. Unserer Zeit<\/i>\u00a0<b>2017<\/b>, <i>51<\/i> , 344-356.<\/span><br \/><span style=\"font-family: arial, helvetica, sans-serif; font-size: 14pt; color: #000000;\"><a style=\"color: #000000;\" href=\" https:\/\/www.doi.org\/10.1002\/ciuz.201700791\">DOI: 10.1002\/ciuz.201700791<\/a><\/span><br \/><span style=\"font-family: arial, helvetica, sans-serif; font-size: 14pt; color: #000000;\">\u00a0<\/span><\/li>\r\n<li style=\"text-align: left;\"><span style=\"font-family: arial, helvetica, sans-serif; font-size: 14pt; color: #000000;\">M. Findeisen, H.-U. Siehl, S. Berger <\/span><br \/><span style=\"font-family: arial, helvetica, sans-serif; font-size: 14pt; color: #000000;\">&#8220;Zum Stand der Routine 2D COSY- und HSQC-NMR-Spektroskopie&#8221; <\/span><br \/><span style=\"font-family: arial, helvetica, sans-serif; font-size: 14pt; color: #000000;\"><i>Chem. Unserer Zeit<\/i>\u00a0<b>2017<\/b>, <i>51<\/i> , 264-271.<\/span><br \/><span style=\"font-family: arial, helvetica, sans-serif; font-size: 14pt; color: #000000;\"><a style=\"color: #000000;\" href=\"https:\/\/www.doi.org\/10.1002\/ciuz.201700769\">DOI: 10.1002\/ciuz.201700769<\/a><\/span><br \/><span style=\"font-family: arial, helvetica, sans-serif; font-size: 14pt; color: #000000;\">\u00a0<\/span><\/li>\r\n<li style=\"text-align: left;\"><span style=\"font-family: arial, helvetica, sans-serif; font-size: 14pt; color: #000000;\">J. Hollenbach, S. Berger <\/span><br \/><span style=\"font-family: arial, helvetica, sans-serif; font-size: 14pt; color: #000000;\">&#8220;Neue NMR relaxometrische Untersuchungen&#8221; <\/span><br \/><span style=\"font-family: arial, helvetica, sans-serif; font-size: 14pt; color: #000000;\"><i>Cereal Technology<\/i> <b>2017<\/b>, <i>71<\/i>, 141-149.<\/span><br \/><span style=\"font-family: arial, helvetica, sans-serif; font-size: 14pt; color: #000000;\">\u00a0<\/span><\/li>\r\n<li style=\"text-align: left;\"><span style=\"font-family: arial, helvetica, sans-serif; font-size: 14pt; color: #000000;\">A. Sehl, L. Hennig, S. Berger, H.-U. Siehl, K.-P. Zeller, D. Sicker <\/span><br \/><span style=\"font-family: arial, helvetica, sans-serif; font-size: 14pt; color: #000000;\">&#8220;Nicht alle Bl\u00fctentr\u00e4ume reiften &#8211; Safflomin A statt Carthamin aus der F\u00e4rberdistel&#8221; <\/span><br \/><span style=\"font-family: arial, helvetica, sans-serif; font-size: 14pt; color: #000000;\"><i>Chem. Unserer Zeit<\/i>\u00a0<b>2017<\/b>, <i>51<\/i> , 186-197.<\/span><br \/><span style=\"font-family: arial, helvetica, sans-serif; font-size: 14pt; color: #000000;\"><a style=\"color: #000000;\" href=\"https:\/\/www.doi.org\/10.1002\/ciuz.201700787\">DOI: 10.1002\/ciuz.201700787<\/a><\/span><br \/><span style=\"font-family: arial, helvetica, sans-serif; font-size: 14pt; color: #000000;\">\u00a0<\/span><\/li>\r\n<li style=\"text-align: left;\"><span style=\"font-family: arial, helvetica, sans-serif; font-size: 14pt; color: #000000;\">J. Titus, H.-U. Siehl, K.-P. Zeller, S. Berger, D. Sicker <\/span><br \/><span style=\"font-family: arial, helvetica, sans-serif; font-size: 14pt; color: #000000;\">&#8220;\u00dcber Geschmack l\u00e4sst sich nicht streiten: Die enantiomeren Carvone von Krause Minze und K\u00fcmmel&#8221; <\/span><br \/><span style=\"font-family: arial, helvetica, sans-serif; font-size: 14pt; color: #000000;\"><i>Chem. Unserer Zeit <\/i><b>2017<\/b>, <i>51<\/i>, 96-105.<\/span><br \/><span style=\"font-family: arial, helvetica, sans-serif; font-size: 14pt; color: #000000;\"><a style=\"color: #000000;\" href=\"https:\/\/www.doi.org\/10.1002\/ciuz.201700784\">DOI: 10.1002\/ciuz.201700784<\/a><\/span><br \/><span style=\"font-family: arial, helvetica, sans-serif; font-size: 14pt; color: #000000;\">\u00a0<\/span><\/li>\r\n<li style=\"text-align: left;\"><span style=\"font-family: arial, helvetica, sans-serif; font-size: 14pt; color: #000000;\">M. Findeisen, H.-U. Siehl, S. Berger <\/span><br \/><span style=\"font-family: arial, helvetica, sans-serif; font-size: 14pt; color: #000000;\">&#8220;Zum Stand der Routine-1D-Methoden &#8211; 1H- und 13 C-NMR-Spektroskopie&#8221; <\/span><br \/><span style=\"font-family: arial, helvetica, sans-serif; font-size: 14pt; color: #000000;\"><i>Chem. Unserer Zeit <\/i><b>2017<\/b>, <i>51<\/i> , 124-132.<\/span><br \/><span style=\"font-family: arial, helvetica, sans-serif; font-size: 14pt; color: #000000;\"><a style=\"color: #000000;\" href=\"https:\/\/www.doi.org\/10.1002\/ciuz.201600747\">DOI: 10.1002\/ciuz.201600747<\/a><\/span><br \/><span style=\"font-family: arial, helvetica, sans-serif; font-size: 14pt; color: #000000;\">\u00a0<\/span><\/li>\r\n<li style=\"text-align: left;\"><span style=\"font-family: arial, helvetica, sans-serif; font-size: 14pt; color: #000000;\">S. Paul, L. Meng, S. Berger, G. Grampp, J. Matysik, X. Wang <\/span><br \/><span style=\"font-family: arial, helvetica, sans-serif; font-size: 14pt; color: #000000;\">&#8220;The Flavin\u2013Tryptophan Dyad F10T as a Cryptochrome Model Compound: Synthesis and Photochemistry&#8221; <\/span><br \/><span style=\"font-family: arial, helvetica, sans-serif; font-size: 14pt; color: #000000;\"><i>ChemPhotoChem<\/i> <b>2017<\/b>, <i>1<\/i> , 12-16.<\/span><br \/><span style=\"font-family: arial, helvetica, sans-serif; font-size: 14pt; color: #000000;\"><a style=\"color: #000000;\" href=\"https:\/\/www.doi.org\/10.1002\/cptc.201600025\">DOI: 10.1002\/cptc.201600025<\/a><\/span><\/li>\r\n<\/ul>\r\n<p style=\"text-align: left;\">\u00a0<\/p>\r\n<p style=\"text-align: left;\"><span style=\"font-family: arial, helvetica, sans-serif; font-size: 14pt; color: #000000;\"><b>Publications 2016<\/b><\/span><\/p>\r\n<ul>\r\n<li style=\"text-align: left;\"><span style=\"font-family: arial, helvetica, sans-serif; font-size: 14pt; color: #000000;\">M. Puidokait, J. Graefe, A. Sehl, K. Steinke, H.-U. Siehl, K.-P. Zeller, D. Sicker, S. Berger <\/span><br \/><span style=\"font-family: arial, helvetica, sans-serif; font-size: 14pt; color: #000000;\">&#8220;Zwei Pseudoalkaloide t\u00f6ten Sokrates: g-Conicein und Coniin aus Geflecktem Schierling&#8221; <\/span><br \/><span style=\"font-family: arial, helvetica, sans-serif; font-size: 14pt; color: #000000;\"><i>Chem. Unserer Zeit <\/i><b>2016<\/b>, <i>50<\/i> , 382-391.<\/span><br \/><span style=\"font-family: arial, helvetica, sans-serif; font-size: 14pt; color: #000000;\"><a style=\"color: #000000;\" href=\"https:\/\/www.doi.org\/10.1002\/ciuz.201600768\">DOI: 10.1002\/ciuz.201600768<\/a><\/span><br \/><span style=\"font-family: arial, helvetica, sans-serif; font-size: 14pt; color: #000000;\">\u00a0<\/span><\/li>\r\n<li style=\"text-align: left;\"><span style=\"font-family: arial, helvetica, sans-serif; font-size: 14pt; color: #000000;\">K. Eckhardt, K.-P. Zeller, H.-U. Siehl, S. Berger, D. Sicker <\/span><br \/><span style=\"font-family: arial, helvetica, sans-serif; font-size: 14pt; color: #000000;\">&#8220;Nobelpreisgekr\u00f6nt: Ein Wirkstoff gegen Malaria aus der Natur: Artemisinin (Qinghaosu, \u9752\u84bf\u7d20 )&#8221; <br \/><i>Chem. Unserer Zeit<\/i> <b>2016<\/b>, <i>50<\/i>, 326-335.<\/span><br \/><span style=\"font-family: arial, helvetica, sans-serif; font-size: 14pt; color: #000000;\"><a style=\"color: #000000;\" href=\"https:\/\/www.doi.org\/10.1002\/ciuz.201600762\">DOI: 10.1002\/ciuz.201600762<\/a><\/span><br \/><span style=\"font-family: arial, helvetica, sans-serif; font-size: 14pt; color: #000000;\">\u00a0<\/span><\/li>\r\n<li style=\"text-align: left;\"><span style=\"font-family: arial, helvetica, sans-serif; font-size: 14pt; color: #000000;\">A. Klaproth, M. Najdanova, M. Minceva, D. Sicker, H.-U. Siehl, K.-P. Zeller, S. Berger <\/span><br \/><span style=\"font-family: arial, helvetica, sans-serif; font-size: 14pt; color: #000000;\">&#8220;Am gr\u00fcnen Ursprung des Lebens: Chlorophyll&#8221; <\/span><br \/><span style=\"font-family: arial, helvetica, sans-serif; font-size: 14pt; color: #000000;\"><i>Chem. Unserer Zeit<\/i>\u00a0<b>2016<\/b>, <i>50<\/i>, 260-274.<\/span><br \/><span style=\"font-family: arial, helvetica, sans-serif; font-size: 14pt; color: #000000;\"><a style=\"color: #000000;\" href=\"https:\/\/www.doi.org\/10.1002\/ciuz.201600751\">DOI: 10.1002\/ciuz.201600751<\/a><\/span><br \/><span style=\"font-family: arial, helvetica, sans-serif; font-size: 14pt; color: #000000;\">\u00a0<\/span><\/li>\r\n<li style=\"text-align: left;\"><span style=\"font-family: arial, helvetica, sans-serif; font-size: 14pt; color: #000000;\">F. Reu\u00df, K.-P. Zeller, H.-U. Siehl, S. Berger, D. Sicker<\/span><br \/><span style=\"font-family: arial, helvetica, sans-serif; font-size: 14pt; color: #000000;\">&#8220;Kaa-He-e! Nat\u00fcrliche S\u00fc\u00dfe aus Paraguay: Steviosid aus S\u00fc\u00dfkraut&#8221;<\/span><br \/><span style=\"font-family: arial, helvetica, sans-serif; font-size: 14pt; color: #000000;\"><i>Chem. Unserer Zeit<\/i>\u00a0<b>2016<\/b>, <i>50<\/i>, 198-208.<\/span><br \/><span style=\"font-family: arial, helvetica, sans-serif; font-size: 14pt; color: #000000;\"><a style=\"color: #000000;\" href=\"https:\/\/www.doi.org\/10.1002\/ciuz.201600748\">DOI: 10.1002\/ciuz.201600748<\/a><\/span><br \/><span style=\"font-family: arial, helvetica, sans-serif; font-size: 14pt; color: #000000;\">\u00a0<\/span><\/li>\r\n<li style=\"text-align: left;\"><span style=\"font-family: arial, helvetica, sans-serif; font-size: 14pt; color: #000000;\">C. Selg, D. Gei\u00dfler, D. Sicker, H.-U. Siehl, K.-P. Zeller, S. Berger <\/span><br \/><span style=\"font-family: arial, helvetica, sans-serif; font-size: 14pt; color: #000000;\">&#8220;Vom Parasorbosid \u00fcber die Parasorbins\u00e4ure zur Sorbins\u00e4ure \u2013 Mit der Eberesche vom Heimatlied zur Fr\u00fchst\u00fccksmargarine&#8221; <\/span><br \/><span style=\"font-family: arial, helvetica, sans-serif; font-size: 14pt; color: #000000;\"><i>Chem. Unserer Zeit<\/i>\u00a0<b>2016<\/b>, <i>50<\/i>, 102-113. <\/span><br \/><span style=\"font-family: arial, helvetica, sans-serif; font-size: 14pt; color: #000000;\"><a style=\"color: #000000;\" href=\"https:\/\/www.doi.org\/10.1002\/ciuz.201600741\">DOI: 10.1002\/ciuz.201600741<\/a><\/span><br \/><span style=\"font-family: arial, helvetica, sans-serif; font-size: 14pt; color: #000000;\">\u00a0<\/span><\/li>\r\n<li style=\"text-align: left;\"><span style=\"font-family: arial, helvetica, sans-serif; font-size: 14pt; color: #000000;\">Georg He\u00df, Peter Haiss, Dorothee Wistuba, Hans-Ullrich Siehl, Stefan Berger, Dieter Sicker, Klaus-Peter Zeller <\/span><br \/><span style=\"font-family: arial, helvetica, sans-serif; font-size: 14pt; color: #000000;\">&#8220;Pseudopelletierin &#8211; Vom Granatapfelbaum zum Cyclooctatetraen&#8221; <\/span><br \/><span style=\"font-family: arial, helvetica, sans-serif; font-size: 14pt; color: #000000;\"><i>Chem. Unserer Zeit<\/i>\u00a0<b>2016<\/b>, <i>50<\/i>, 34-43.<\/span><br \/><span style=\"font-family: arial, helvetica, sans-serif; font-size: 14pt; color: #000000;\"><a style=\"color: #000000;\" href=\"https:\/\/www.doi.org\/10.1002\/ciuz.201500729\">DOI: 10.1002\/ciuz.201500729<\/a><\/span><br \/><span style=\"font-family: arial, helvetica, sans-serif; font-size: 14pt; color: #000000;\">\u00a0<\/span><\/li>\r\n<li style=\"text-align: left;\"><span style=\"font-family: arial, helvetica, sans-serif; font-size: 14pt; color: #000000;\">S.V. Efimov, I.A. Khodov, E.L. Ratkova, M.G. Kiselev, S. Berger, V.V. Klochkov <\/span><br \/><span style=\"font-family: arial, helvetica, sans-serif; font-size: 14pt; color: #000000;\">&#8220;Detailed NOESY\/T-ROESY analysis as an effective method for eliminating spin diffusion from 2D NOE spectra of small flexible molecules&#8221;<\/span><br \/><span style=\"font-family: arial, helvetica, sans-serif; font-size: 14pt; color: #000000;\"><i>J. Molecular Structure <\/i><b>2016<\/b>, <i>1104<\/i>, 63-69.<\/span><br \/><span style=\"font-family: arial, helvetica, sans-serif; font-size: 14pt; color: #000000;\"><a style=\"color: #000000;\" href=\"https:\/\/www.doi.org\/10.1016\/j.molstruc.2015.09.036\">DOI: 10.1016\/j.molstruc.2015.09.03<\/a><\/span><\/li>\r\n<\/ul>\r\n","protected":false},"excerpt":{"rendered":"<p>\u00a0(No. 218 &#8211; 242) Publications 2020 S. Berger&#8220;A Lecture Course on Polarisation and Hyperpolarisation in NMR Spectroscopy&#8221; 2020, 1\u2013137.\u00a0DOI:10.6084\/m9.figshare.19590730 Publications 2019 S. Berger &#8220;Lecture Course in Dynamic NMR Spectroscopy&#8221; 2019, 1\u2013131.DOI: 10.13140\/RG.2.2.31024.10249\u00a0 D. Sicker, K.-P. Zeller, H.-U. Siehl, S. Berger &#8220;Naturstoff-Isolierung \u2013 warum man sie heute noch braucht&#8221; Chem. Unserer Zeit\u00a02019, 53 , 74\u2013 75. [&hellip;]<\/p>\n","protected":false},"author":1,"featured_media":0,"parent":10,"menu_order":9,"comment_status":"closed","ping_status":"closed","template":"","meta":{"footnotes":""},"class_list":["post-163","page","type-page","status-publish","hentry"],"_links":{"self":[{"href":"https:\/\/profstefanberger.de\/index.php?rest_route=\/wp\/v2\/pages\/163","targetHints":{"allow":["GET"]}}],"collection":[{"href":"https:\/\/profstefanberger.de\/index.php?rest_route=\/wp\/v2\/pages"}],"about":[{"href":"https:\/\/profstefanberger.de\/index.php?rest_route=\/wp\/v2\/types\/page"}],"author":[{"embeddable":true,"href":"https:\/\/profstefanberger.de\/index.php?rest_route=\/wp\/v2\/users\/1"}],"replies":[{"embeddable":true,"href":"https:\/\/profstefanberger.de\/index.php?rest_route=%2Fwp%2Fv2%2Fcomments&post=163"}],"version-history":[{"count":15,"href":"https:\/\/profstefanberger.de\/index.php?rest_route=\/wp\/v2\/pages\/163\/revisions"}],"predecessor-version":[{"id":619,"href":"https:\/\/profstefanberger.de\/index.php?rest_route=\/wp\/v2\/pages\/163\/revisions\/619"}],"up":[{"embeddable":true,"href":"https:\/\/profstefanberger.de\/index.php?rest_route=\/wp\/v2\/pages\/10"}],"wp:attachment":[{"href":"https:\/\/profstefanberger.de\/index.php?rest_route=%2Fwp%2Fv2%2Fmedia&parent=163"}],"curies":[{"name":"wp","href":"https:\/\/api.w.org\/{rel}","templated":true}]}}